{"id":282,"date":"2026-01-25T16:39:09","date_gmt":"2026-01-25T16:39:09","guid":{"rendered":"https:\/\/elektrik365.ee\/home\/"},"modified":"2026-01-25T18:53:15","modified_gmt":"2026-01-25T18:53:15","slug":"home","status":"publish","type":"page","link":"https:\/\/elektrik365.ee\/","title":{"rendered":"Home"},"content":{"rendered":"\n<div class=\"wp-block-uagb-container uagb-block-1e5d1737 alignfull uagb-is-root-container\"><div class=\"uagb-container-inner-blocks-wrap\">\n<div class=\"wp-block-uagb-info-box uagb-block-cc9d733a uagb-infobox__content-wrap  uagb-infobox-icon-above-title uagb-infobox-image-valign-top\"><div class=\"uagb-ifb-content\"><div class=\"uagb-ifb-title-wrap\"><h1 class=\"uagb-ifb-title\">Professionaalsed elektrit\u00f6\u00f6d Teie majas, korteris v\u00f5i b\u00fcroos<\/h1><\/div><div class=\"uagb-ifb-button-wrapper wp-block-button\"><a href=\"\/contact\" class=\"uagb-infobox-cta-link wp-block-button__link\" target=\"_self\" rel=\"noopener noreferrer\" onclick=\"return true;\"><span class=\"uagb-inline-editing\">V\u00f5ta meiega \u00fchendust<\/span><\/a><\/div><\/div><\/div>\n<\/div><\/div>\n\n\n\n<div class=\"wp-block-uagb-container uagb-block-da6f24cd alignfull uagb-is-root-container\"><div class=\"uagb-container-inner-blocks-wrap\">\n<div class=\"wp-block-uagb-advanced-heading uagb-block-c8330bd6\"><p class=\"uagb-desc-text\">Meist<\/p><h2 class=\"uagb-heading-text\">Elektrik365 O\u00dc \u2013 Teie usaldusv\u00e4\u00e4rne elektrispetsialist<\/h2><\/div>\n\n\n\n<div class=\"wp-block-uagb-container uagb-block-75936b61\">\n<div class=\"wp-block-uagb-image uagb-block-3cc927cb wp-block-uagb-image--layout-default wp-block-uagb-image--effect-static wp-block-uagb-image--align-none\"><figure class=\"wp-block-uagb-image__figure\"><img decoding=\"async\" srcset=\"https:\/\/elektrik365.ee\/wp-content\/uploads\/2026\/01\/pexels-photo-5691636.jpeg ,https:\/\/elektrik365.ee\/wp-content\/uploads\/2026\/01\/pexels-photo-5691636.jpeg 780w, https:\/\/elektrik365.ee\/wp-content\/uploads\/2026\/01\/pexels-photo-5691636.jpeg 360w\" sizes=\"auto, (max-width: 480px) 150px\" src=\"https:\/\/elektrik365.ee\/wp-content\/uploads\/2026\/01\/pexels-photo-5691636.jpeg\" alt=\"Opened power sockets with connectors on white wall with stripes during repair in room\" class=\"uag-image-7\" width=\"182\" height=\"250\" title=\"about-02\" loading=\"lazy\" role=\"img\"\/><\/figure><\/div>\n\n\n\n<div class=\"wp-block-uagb-image uagb-block-c2d11615 wp-block-uagb-image--layout-default wp-block-uagb-image--effect-static wp-block-uagb-image--align-none\"><figure class=\"wp-block-uagb-image__figure\"><img decoding=\"async\" srcset=\"https:\/\/elektrik365.ee\/wp-content\/uploads\/2026\/01\/pexels-photo-5691636.jpeg ,https:\/\/elektrik365.ee\/wp-content\/uploads\/2026\/01\/pexels-photo-5691636.jpeg 780w, https:\/\/elektrik365.ee\/wp-content\/uploads\/2026\/01\/pexels-photo-5691636.jpeg 360w\" sizes=\"auto, (max-width: 480px) 150px\" src=\"https:\/\/elektrik365.ee\/wp-content\/uploads\/2026\/01\/pexels-photo-5691636.jpeg\" alt=\"Opened power sockets with connectors on white wall with stripes during repair in room\" class=\"uag-image-7\" width=\"234\" height=\"200\" title=\"about-03\" loading=\"lazy\" role=\"img\"\/><\/figure><\/div>\n\n\n\n<div class=\"wp-block-uagb-image uagb-block-d8e6d73b wp-block-uagb-image--layout-default wp-block-uagb-image--effect-static wp-block-uagb-image--align-none\"><figure class=\"wp-block-uagb-image__figure\"><img decoding=\"async\" srcset=\"https:\/\/elektrik365.ee\/wp-content\/uploads\/2026\/01\/pexels-photo-5691636.jpeg ,https:\/\/elektrik365.ee\/wp-content\/uploads\/2026\/01\/pexels-photo-5691636.jpeg 780w, https:\/\/elektrik365.ee\/wp-content\/uploads\/2026\/01\/pexels-photo-5691636.jpeg 360w\" sizes=\"auto, (max-width: 480px) 150px\" src=\"https:\/\/elektrik365.ee\/wp-content\/uploads\/2026\/01\/pexels-photo-5691636.jpeg\" alt=\"Opened power sockets with connectors on white wall with stripes during repair in room\" class=\"uag-image-7\" width=\"380\" height=\"300\" title=\"about-04\" loading=\"lazy\" role=\"img\"\/><\/figure><\/div>\n\n\n\n<div class=\"wp-block-uagb-image uagb-block-179773c1 wp-block-uagb-image--layout-default wp-block-uagb-image--effect-static wp-block-uagb-image--align-none\"><figure class=\"wp-block-uagb-image__figure\"><img decoding=\"async\" srcset=\"https:\/\/elektrik365.ee\/wp-content\/uploads\/2026\/01\/pexels-photo-5691636.jpeg ,https:\/\/elektrik365.ee\/wp-content\/uploads\/2026\/01\/pexels-photo-5691636.jpeg 780w, https:\/\/elektrik365.ee\/wp-content\/uploads\/2026\/01\/pexels-photo-5691636.jpeg 360w\" sizes=\"auto, (max-width: 480px) 150px\" src=\"https:\/\/elektrik365.ee\/wp-content\/uploads\/2026\/01\/pexels-photo-5691636.jpeg\" alt=\"Opened power sockets with connectors on white wall with stripes during repair in room\" class=\"uag-image-7\" width=\"330\" height=\"200\" title=\"about-01\" loading=\"lazy\" role=\"img\"\/><\/figure><\/div>\n<\/div>\n<\/div><\/div>\n\n\n\n<div class=\"wp-block-uagb-container uagb-block-e8fc30f4 alignfull uagb-is-root-container\"><div class=\"uagb-container-inner-blocks-wrap\">\n<div class=\"wp-block-uagb-separator uagb-block-c890a0e3\"><div class=\"uagb-separator-spacing-wrapper\"><div class=\"wp-block-uagb-separator__inner\" style=\"--my-background-image:\"><\/div><\/div><\/div>\n\n\n\n<div class=\"wp-block-uagb-advanced-heading uagb-block-4f6acc49\"><p class=\"uagb-desc-text\">Meie teenused<\/p><h2 class=\"uagb-heading-text\">Meie p\u00f5hiteenuste loetelu<\/h2><\/div>\n\n\n\n<div class=\"wp-block-uagb-container uagb-block-1e00a9da\">\n<div class=\"wp-block-uagb-image uagb-block-2acfa94e wp-block-uagb-image--layout-default wp-block-uagb-image--effect-static wp-block-uagb-image--align-none\"><figure class=\"wp-block-uagb-image__figure\"><img decoding=\"async\" srcset=\"https:\/\/elektrik365.ee\/wp-content\/uploads\/2026\/01\/pexels-photo-5691636.jpeg ,https:\/\/elektrik365.ee\/wp-content\/uploads\/2026\/01\/pexels-photo-5691636.jpeg 780w, https:\/\/elektrik365.ee\/wp-content\/uploads\/2026\/01\/pexels-photo-5691636.jpeg 360w\" sizes=\"auto, (max-width: 480px) 150px\" src=\"https:\/\/elektrik365.ee\/wp-content\/uploads\/2026\/01\/pexels-photo-5691636.jpeg\" alt=\"Opened power sockets with connectors on white wall with stripes during repair in room\" class=\"uag-image-7\" width=\"384\" height=\"290\" title=\"services-01\" loading=\"lazy\" role=\"img\"\/><\/figure><\/div>\n\n\n\n<div class=\"wp-block-uagb-info-box uagb-block-8bca7b86 uagb-infobox__content-wrap  uagb-infobox-icon-above-title uagb-infobox-image-valign-top\"><div class=\"uagb-ifb-content\"><div class=\"uagb-ifb-title-wrap\"><span class=\"uagb-ifb-title-prefix\">01<\/span><h3 class=\"uagb-ifb-title\">Elektripaigaldiste ehitus<\/h3><\/div><p class=\"uagb-ifb-desc\">Pakume uute elektripaigaldiste ehituslahendusi &#8211; idee Teilt, teostus meilt!<\/p><\/div><\/div>\n<\/div>\n\n\n\n<div class=\"wp-block-uagb-container uagb-block-c6ae55bb\">\n<div class=\"wp-block-uagb-image uagb-block-937370bc wp-block-uagb-image--layout-default wp-block-uagb-image--effect-static wp-block-uagb-image--align-none\"><figure class=\"wp-block-uagb-image__figure\"><img decoding=\"async\" srcset=\"https:\/\/elektrik365.ee\/wp-content\/uploads\/2026\/01\/pexels-photo-5691636.jpeg ,https:\/\/elektrik365.ee\/wp-content\/uploads\/2026\/01\/pexels-photo-5691636.jpeg 780w, https:\/\/elektrik365.ee\/wp-content\/uploads\/2026\/01\/pexels-photo-5691636.jpeg 360w\" sizes=\"auto, (max-width: 480px) 150px\" src=\"https:\/\/elektrik365.ee\/wp-content\/uploads\/2026\/01\/pexels-photo-5691636.jpeg\" alt=\"Opened power sockets with connectors on white wall with stripes during repair in room\" class=\"uag-image-7\" width=\"384\" height=\"290\" title=\"services-02\" loading=\"lazy\" role=\"img\"\/><\/figure><\/div>\n\n\n\n<div class=\"wp-block-uagb-info-box uagb-block-01946041 uagb-infobox__content-wrap  uagb-infobox-icon-above-title uagb-infobox-image-valign-top\"><div class=\"uagb-ifb-content\"><div class=\"uagb-ifb-title-wrap\"><span class=\"uagb-ifb-title-prefix\">02<\/span><h3 class=\"uagb-ifb-title\">Renoveerimine<\/h3><\/div><p class=\"uagb-ifb-desc\">Renoveerime vanu elektripaigaldisi &#8211; muudame Teie kodu elektris\u00fcsteemi ohutuks ning t\u00e4nap\u00e4eva n\u00f5uetele vastavaks.<\/p><\/div><\/div>\n<\/div>\n\n\n\n<div class=\"wp-block-uagb-container uagb-block-32ab2baa\">\n<div class=\"wp-block-uagb-image uagb-block-8e3729f7 wp-block-uagb-image--layout-default wp-block-uagb-image--effect-static wp-block-uagb-image--align-none\"><figure class=\"wp-block-uagb-image__figure\"><img decoding=\"async\" srcset=\"https:\/\/elektrik365.ee\/wp-content\/uploads\/2026\/01\/pexels-photo-5691636.jpeg ,https:\/\/elektrik365.ee\/wp-content\/uploads\/2026\/01\/pexels-photo-5691636.jpeg 780w, https:\/\/elektrik365.ee\/wp-content\/uploads\/2026\/01\/pexels-photo-5691636.jpeg 360w\" sizes=\"auto, (max-width: 480px) 150px\" src=\"https:\/\/elektrik365.ee\/wp-content\/uploads\/2026\/01\/pexels-photo-5691636.jpeg\" alt=\"Opened power sockets with connectors on white wall with stripes during repair in room\" class=\"uag-image-7\" width=\"384\" height=\"290\" title=\"services-03\" loading=\"lazy\" role=\"img\"\/><\/figure><\/div>\n\n\n\n<div class=\"wp-block-uagb-info-box uagb-block-7e775245 uagb-infobox__content-wrap  uagb-infobox-icon-above-title uagb-infobox-image-valign-top\"><div class=\"uagb-ifb-content\"><div class=\"uagb-ifb-title-wrap\"><span class=\"uagb-ifb-title-prefix\">03<\/span><h3 class=\"uagb-ifb-title\">Laadimisjaamade ning teiste elektriseadmete \u00fchendamine<\/h3><\/div><p class=\"uagb-ifb-desc\">Paigaldame ning \u00fchendame laadijad elektriautodele ning mururobotitele. \u00dchendame ka k\u00f5ik muud elektriseadmed.<\/p><\/div><\/div>\n<\/div>\n<\/div><\/div>\n\n\n\n<div class=\"wp-block-uagb-container uagb-block-a79fbe43 alignfull uagb-is-root-container\"><div class=\"uagb-container-inner-blocks-wrap\"><\/div><\/div>\n\n\n\n<div class=\"wp-block-uagb-container uagb-block-4062d932 alignfull uagb-is-root-container\"><div class=\"uagb-container-inner-blocks-wrap\">\n<div class=\"wp-block-uagb-container uagb-layout-flex uagb-block-188bf86b\">\n<div class=\"wp-block-uagb-image alignright uagb-block-4ec4096e wp-block-uagb-image--layout-default wp-block-uagb-image--effect-static wp-block-uagb-image--align-right\"><figure class=\"wp-block-uagb-image__figure\"><img decoding=\"async\" srcset=\"https:\/\/elektrik365.ee\/wp-content\/uploads\/2026\/01\/pexels-photo-5691636.jpeg ,https:\/\/elektrik365.ee\/wp-content\/uploads\/2026\/01\/pexels-photo-5691636.jpeg 780w, https:\/\/elektrik365.ee\/wp-content\/uploads\/2026\/01\/pexels-photo-5691636.jpeg 360w\" sizes=\"auto, (max-width: 480px) 150px\" src=\"https:\/\/elektrik365.ee\/wp-content\/uploads\/2026\/01\/pexels-photo-5691636.jpeg\" alt=\"Opened power sockets with connectors on white wall with stripes during repair in room\" class=\"uag-image-7\" width=\"200\" height=\"150\" title=\"why-choose-us-02\" loading=\"lazy\" role=\"img\"\/><\/figure><\/div>\n<\/div>\n\n\n\n<div class=\"wp-block-uagb-container uagb-block-58485396\">\n<div class=\"wp-block-uagb-advanced-heading uagb-block-afddea9c\"><h2 class=\"uagb-heading-text\">Miks valida meid?<\/h2><p class=\"uagb-desc-text\">Meie kogemused ja professionaalsus tagavad parima lahenduse Teie elektrit\u00f6\u00f6dele.<\/p><\/div>\n\n\n\n<div class=\"wp-block-uagb-info-box uagb-block-b0b4de7f uagb-infobox__content-wrap  uagb-infobox-icon-left-title uagb-infobox-left uagb-infobox-image-valign-top\"><div class=\"uagb-ifb-content\"><div class=\"uagb-ifb-left-title-image\"><div class=\"uagb-ifb-icon-wrap\"><svg xmlns=\"https:\/\/www.w3.org\/2000\/svg\" viewBox=\"0 0 448 512\"><path d=\"M400 288h-352c-17.69 0-32-14.32-32-32.01s14.31-31.99 32-31.99h352c17.69 0 32 14.3 32 31.99S417.7 288 400 288z\"><\/path><\/svg><\/div><div class=\"uagb-ifb-title-wrap\"><p class=\"uagb-ifb-title\">Kvaliteetne teenus<\/p><\/div><\/div><p class=\"uagb-ifb-desc\">Meie elektrikud tagavad alati parima kvaliteedi ja professionaalsuse, et Teie tellitud elektrit\u00f6\u00f6de l\u00f5pptulemus oleks laitmatu!<\/p><\/div><\/div>\n\n\n\n<div class=\"wp-block-uagb-info-box uagb-block-b1107157 uagb-infobox__content-wrap  uagb-infobox-icon-left-title uagb-infobox-left uagb-infobox-image-valign-top\"><div class=\"uagb-ifb-content\"><div class=\"uagb-ifb-left-title-image\"><div class=\"uagb-ifb-icon-wrap\"><svg xmlns=\"https:\/\/www.w3.org\/2000\/svg\" viewBox=\"0 0 448 512\"><path d=\"M400 288h-352c-17.69 0-32-14.32-32-32.01s14.31-31.99 32-31.99h352c17.69 0 32 14.3 32 31.99S417.7 288 400 288z\"><\/path><\/svg><\/div><div class=\"uagb-ifb-title-wrap\"><p class=\"uagb-ifb-title\">Kiire reageerimine<\/p><\/div><\/div><p class=\"uagb-ifb-desc\">Pakume kiiret teenindust, et lahendada k\u00f5ik Teie elektriprobleemid v\u00f5imalikult kiiresti ja t\u00f5husalt. Vajadusel ka \u00f5htuti ning n\u00e4dalavahetusel!<\/p><\/div><\/div>\n\n\n\n<div class=\"wp-block-uagb-buttons uagb-buttons__outer-wrap uagb-btn__default-btn uagb-btn-tablet__default-btn uagb-btn-mobile__default-btn uagb-block-55c87742\"><div class=\"uagb-buttons__wrap uagb-buttons-layout-wrap \">\n<div class=\"wp-block-uagb-buttons-child uagb-buttons__outer-wrap uagb-block-ce807146 wp-block-button\"><div class=\"uagb-button__wrapper\"><a class=\"uagb-buttons-repeater wp-block-button__link\" aria-label=\"\" href=\"\/about\" rel=\"follow noopener\" target=\"_self\" role=\"button\"><div class=\"uagb-button__link\">Loe edasi<\/div><\/a><\/div><\/div>\n<\/div><\/div>\n<\/div>\n<\/div><\/div>\n\n\n\n<div class=\"wp-block-uagb-container uagb-block-2e144a4a alignfull uagb-is-root-container\"><div class=\"uagb-container-inner-blocks-wrap\">\n<div class=\"wp-block-uagb-info-box uagb-block-d62177b8 uagb-infobox__content-wrap  uagb-infobox-icon-above-title uagb-infobox-image-valign-top\"><div class=\"uagb-ifb-content\"><div class=\"uagb-ifb-title-wrap\"><h2 class=\"uagb-ifb-title\">Asjatundlikud lahendused Teie elektrimuredele \u00fchelt ettev\u00f5ttelt!<\/h2><\/div><div class=\"uagb-ifb-button-wrapper wp-block-button\"><a href=\"\/contact\/\" class=\"uagb-infobox-cta-link wp-block-button__link\" target=\"_self\" rel=\"noopener noreferrer\" onclick=\"return true;\"><span class=\"uagb-inline-editing\">V\u00f5ta meiega \u00fchendust<\/span><\/a><\/div><\/div><\/div>\n<\/div><\/div>\n","protected":false},"excerpt":{"rendered":"<p>Meist Elektrik365 O\u00dc \u2013 Teie usaldusv\u00e4\u00e4rne elektrispetsialist Meie teenused Meie p\u00f5hiteenuste loetelu Miks valida meid? Meie kogemused ja professionaalsus tagavad [&hellip;]<\/p>\n","protected":false},"author":1,"featured_media":1123,"parent":0,"menu_order":0,"comment_status":"closed","ping_status":"closed","template":"","meta":{"_uag_custom_page_level_css":"","site-sidebar-layout":"default","site-content-layout":"","ast-site-content-layout":"default","site-content-style":"default","site-sidebar-style":"default","ast-global-header-display":"","ast-banner-title-visibility":"","ast-main-header-display":"","ast-hfb-above-header-display":"","ast-hfb-below-header-display":"","ast-hfb-mobile-header-display":"","site-post-title":"disabled","ast-breadcrumbs-content":"","ast-featured-img":"","footer-sml-layout":"","ast-disable-related-posts":"","theme-transparent-header-meta":"","adv-header-id-meta":"","stick-header-meta":"","header-above-stick-meta":"","header-main-stick-meta":"","header-below-stick-meta":"","astra-migrate-meta-layouts":"default","ast-page-background-enabled":"default","ast-page-background-meta":{"desktop":{"background-color":"var(--ast-global-color-4)","background-image":"","background-repeat":"repeat","background-position":"center center","background-size":"auto","background-attachment":"scroll","background-type":"","background-media":"","overlay-type":"","overlay-color":"","overlay-opacity":"","overlay-gradient":""},"tablet":{"background-color":"","background-image":"","background-repeat":"repeat","background-position":"center center","background-size":"auto","background-attachment":"scroll","background-type":"","background-media":"","overlay-type":"","overlay-color":"","overlay-opacity":"","overlay-gradient":""},"mobile":{"background-color":"","background-image":"","background-repeat":"repeat","background-position":"center center","background-size":"auto","background-attachment":"scroll","background-type":"","background-media":"","overlay-type":"","overlay-color":"","overlay-opacity":"","overlay-gradient":""}},"ast-content-background-meta":{"desktop":{"background-color":"var(--ast-global-color-5)","background-image":"","background-repeat":"repeat","background-position":"center center","background-size":"auto","background-attachment":"scroll","background-type":"","background-media":"","overlay-type":"","overlay-color":"","overlay-opacity":"","overlay-gradient":""},"tablet":{"background-color":"var(--ast-global-color-5)","background-image":"","background-repeat":"repeat","background-position":"center center","background-size":"auto","background-attachment":"scroll","background-type":"","background-media":"","overlay-type":"","overlay-color":"","overlay-opacity":"","overlay-gradient":""},"mobile":{"background-color":"var(--ast-global-color-5)","background-image":"","background-repeat":"repeat","background-position":"center center","background-size":"auto","background-attachment":"scroll","background-type":"","background-media":"","overlay-type":"","overlay-color":"","overlay-opacity":"","overlay-gradient":""}},"footnotes":""},"class_list":["post-282","page","type-page","status-publish","has-post-thumbnail","hentry"],"uagb_featured_image_src":{"full":["https:\/\/elektrik365.ee\/wp-content\/uploads\/2026\/01\/IMG_4403-1.jpg",1141,822,false],"thumbnail":["https:\/\/elektrik365.ee\/wp-content\/uploads\/2026\/01\/IMG_4403-1-150x150.jpg",150,150,true],"medium":["https:\/\/elektrik365.ee\/wp-content\/uploads\/2026\/01\/IMG_4403-1-300x216.jpg",300,216,true],"medium_large":["https:\/\/elektrik365.ee\/wp-content\/uploads\/2026\/01\/IMG_4403-1-768x553.jpg",768,553,true],"large":["https:\/\/elektrik365.ee\/wp-content\/uploads\/2026\/01\/IMG_4403-1-1024x738.jpg",1024,738,true],"1536x1536":["https:\/\/elektrik365.ee\/wp-content\/uploads\/2026\/01\/IMG_4403-1.jpg",1141,822,false],"2048x2048":["https:\/\/elektrik365.ee\/wp-content\/uploads\/2026\/01\/IMG_4403-1.jpg",1141,822,false]},"uagb_author_info":{"display_name":"elektrik365.ee","author_link":"https:\/\/elektrik365.ee\/?author=1"},"uagb_comment_info":0,"uagb_excerpt":"Meist Elektrik365 O\u00dc \u2013 Teie usaldusv\u00e4\u00e4rne elektrispetsialist Meie teenused Meie p\u00f5hiteenuste loetelu Miks valida meid? Meie kogemused ja professionaalsus tagavad [&hellip;]","_links":{"self":[{"href":"https:\/\/elektrik365.ee\/index.php?rest_route=\/wp\/v2\/pages\/282","targetHints":{"allow":["GET"]}}],"collection":[{"href":"https:\/\/elektrik365.ee\/index.php?rest_route=\/wp\/v2\/pages"}],"about":[{"href":"https:\/\/elektrik365.ee\/index.php?rest_route=\/wp\/v2\/types\/page"}],"author":[{"embeddable":true,"href":"https:\/\/elektrik365.ee\/index.php?rest_route=\/wp\/v2\/users\/1"}],"replies":[{"embeddable":true,"href":"https:\/\/elektrik365.ee\/index.php?rest_route=%2Fwp%2Fv2%2Fcomments&post=282"}],"version-history":[{"count":5,"href":"https:\/\/elektrik365.ee\/index.php?rest_route=\/wp\/v2\/pages\/282\/revisions"}],"predecessor-version":[{"id":1122,"href":"https:\/\/elektrik365.ee\/index.php?rest_route=\/wp\/v2\/pages\/282\/revisions\/1122"}],"wp:featuredmedia":[{"embeddable":true,"href":"https:\/\/elektrik365.ee\/index.php?rest_route=\/wp\/v2\/media\/1123"}],"wp:attachment":[{"href":"https:\/\/elektrik365.ee\/index.php?rest_route=%2Fwp%2Fv2%2Fmedia&parent=282"}],"curies":[{"name":"wp","href":"https:\/\/api.w.org\/{rel}","templated":true}]}}