{"id":294,"date":"2026-01-25T16:39:09","date_gmt":"2026-01-25T16:39:09","guid":{"rendered":"https:\/\/elektrik365.ee\/services\/"},"modified":"2026-01-25T17:45:56","modified_gmt":"2026-01-25T17:45:56","slug":"services","status":"publish","type":"page","link":"https:\/\/elektrik365.ee\/?page_id=294","title":{"rendered":"Services"},"content":{"rendered":"\n<div class=\"wp-block-uagb-container uagb-block-1e5d1737 alignfull uagb-is-root-container\"><div class=\"uagb-container-inner-blocks-wrap\">\n<div class=\"wp-block-uagb-advanced-heading uagb-block-fefbb553\"><p class=\"uagb-desc-text\">Teenused<\/p><h1 class=\"uagb-heading-text\">Professionaalsed elektrit\u00f6\u00f6d majades, korterites ja b\u00fcroodes<\/h1><\/div>\n<\/div><\/div>\n\n\n\n<div class=\"wp-block-uagb-container uagb-block-4062d932 alignfull uagb-is-root-container\"><div class=\"uagb-container-inner-blocks-wrap\">\n<div class=\"wp-block-uagb-container uagb-block-188bf86b\">\n<div class=\"wp-block-uagb-image alignright uagb-block-a74814ac wp-block-uagb-image--layout-default wp-block-uagb-image--effect-static wp-block-uagb-image--align-right\"><figure class=\"wp-block-uagb-image__figure\"><img decoding=\"async\" srcset=\"https:\/\/elektrik365.ee\/wp-content\/uploads\/2026\/01\/pexels-photo-5691636.jpeg ,https:\/\/elektrik365.ee\/wp-content\/uploads\/2026\/01\/pexels-photo-5691636.jpeg 780w, https:\/\/elektrik365.ee\/wp-content\/uploads\/2026\/01\/pexels-photo-5691636.jpeg 360w\" sizes=\"auto, (max-width: 480px) 150px\" src=\"https:\/\/elektrik365.ee\/wp-content\/uploads\/2026\/01\/pexels-photo-5691636.jpeg\" alt=\"Opened power sockets with connectors on white wall with stripes during repair in room\" class=\"uag-image-7\" width=\"200\" height=\"150\" title=\"services-06\" loading=\"lazy\" role=\"img\"\/><\/figure><\/div>\n<\/div>\n\n\n\n<div class=\"wp-block-uagb-container uagb-block-58485396\">\n<div class=\"wp-block-uagb-info-box uagb-block-3ff6f0b3 uagb-infobox__content-wrap  uagb-infobox-icon-above-title uagb-infobox-image-valign-top\"><div class=\"uagb-ifb-content\"><div class=\"uagb-ifb-title-wrap\"><p class=\"uagb-ifb-title-prefix\">01<\/p><h2 class=\"uagb-ifb-title\">Elektripaigaldiste ehitus<\/h2><\/div><p class=\"uagb-ifb-desc\">Ehitame uusi elektripaigaldisi, alates pistikupesadest kuni elektrikilpideni, tagades k\u00f5rge kvaliteedi ja ohutuse.<\/p><\/div><\/div>\n<\/div>\n<\/div><\/div>\n\n\n\n<div class=\"wp-block-uagb-container uagb-block-05e5b2eb alignfull uagb-is-root-container\"><div class=\"uagb-container-inner-blocks-wrap\">\n<div class=\"wp-block-uagb-container uagb-block-755ea4d6\">\n<div class=\"wp-block-uagb-info-box uagb-block-bcb052f7 uagb-infobox__content-wrap  uagb-infobox-icon-above-title uagb-infobox-image-valign-top\"><div class=\"uagb-ifb-content\"><div class=\"uagb-ifb-title-wrap\"><p class=\"uagb-ifb-title-prefix\">02<\/p><h2 class=\"uagb-ifb-title\">Renoveerimine<\/h2><\/div><p class=\"uagb-ifb-desc\">Professionaalne elektris\u00fcsteemide renoveerimine, viime vananenud elektripaigaldised vastavusse t\u00e4nap\u00e4evaste ohutusn\u00f5uetega ja standarditega.<\/p><\/div><\/div>\n<\/div>\n\n\n\n<div class=\"wp-block-uagb-container uagb-block-948e30c7\">\n<div class=\"wp-block-uagb-image alignleft uagb-block-a936ccb9 wp-block-uagb-image--layout-default wp-block-uagb-image--effect-static wp-block-uagb-image--align-left\"><figure class=\"wp-block-uagb-image__figure\"><img decoding=\"async\" srcset=\"https:\/\/elektrik365.ee\/wp-content\/uploads\/2026\/01\/pexels-photo-5691636.jpeg ,https:\/\/elektrik365.ee\/wp-content\/uploads\/2026\/01\/pexels-photo-5691636.jpeg 780w, https:\/\/elektrik365.ee\/wp-content\/uploads\/2026\/01\/pexels-photo-5691636.jpeg 360w\" sizes=\"auto, (max-width: 480px) 150px\" src=\"https:\/\/elektrik365.ee\/wp-content\/uploads\/2026\/01\/pexels-photo-5691636.jpeg\" alt=\"Opened power sockets with connectors on white wall with stripes during repair in room\" class=\"uag-image-7\" width=\"200\" height=\"150\" title=\"services-05\" loading=\"lazy\" role=\"img\"\/><\/figure><\/div>\n<\/div>\n<\/div><\/div>\n\n\n\n<div class=\"wp-block-uagb-container uagb-block-427e3d80 alignfull uagb-is-root-container\"><div class=\"uagb-container-inner-blocks-wrap\">\n<div class=\"wp-block-uagb-container uagb-block-c3a1ca4e\">\n<div class=\"wp-block-uagb-image alignright uagb-block-a6c3f1d7 wp-block-uagb-image--layout-default wp-block-uagb-image--effect-static wp-block-uagb-image--align-right\"><figure class=\"wp-block-uagb-image__figure\"><img decoding=\"async\" srcset=\"https:\/\/elektrik365.ee\/wp-content\/uploads\/2026\/01\/pexels-photo-5691636.jpeg ,https:\/\/elektrik365.ee\/wp-content\/uploads\/2026\/01\/pexels-photo-5691636.jpeg 780w, https:\/\/elektrik365.ee\/wp-content\/uploads\/2026\/01\/pexels-photo-5691636.jpeg 360w\" sizes=\"auto, (max-width: 480px) 150px\" src=\"https:\/\/elektrik365.ee\/wp-content\/uploads\/2026\/01\/pexels-photo-5691636.jpeg\" alt=\"Opened power sockets with connectors on white wall with stripes during repair in room\" class=\"uag-image-7\" width=\"200\" height=\"150\" title=\"services-09\" loading=\"lazy\" role=\"img\"\/><\/figure><\/div>\n<\/div>\n\n\n\n<div class=\"wp-block-uagb-container uagb-block-05200bfc\">\n<div class=\"wp-block-uagb-info-box uagb-block-3050a6aa uagb-infobox__content-wrap  uagb-infobox-icon-above-title uagb-infobox-image-valign-top\"><div class=\"uagb-ifb-content\"><div class=\"uagb-ifb-title-wrap\"><p class=\"uagb-ifb-title-prefix\">03<\/p><h2 class=\"uagb-ifb-title\">Laadimisjaamade paigaldus<\/h2><\/div><p class=\"uagb-ifb-desc\">Aitame paigaldada sobivad laadimisjaamad, et tagada mugav ja turvaline elektriauto v\u00f5i miks ka mitte n\u00e4iteks mururoboti laadimine teie kodus v\u00f5i ettev\u00f5ttes.<\/p><\/div><\/div>\n<\/div>\n<\/div><\/div>\n\n\n\n<div class=\"wp-block-uagb-container uagb-block-fed8d4c1 alignfull uagb-is-root-container\"><div class=\"uagb-container-inner-blocks-wrap\">\n<div class=\"wp-block-uagb-container uagb-block-994dc640\">\n<div class=\"wp-block-uagb-info-box uagb-block-f1c692a0 uagb-infobox__content-wrap  uagb-infobox-icon-above-title uagb-infobox-image-valign-top\"><div class=\"uagb-ifb-content\"><div class=\"uagb-ifb-title-wrap\"><p class=\"uagb-ifb-title-prefix\">04<\/p><h2 class=\"uagb-ifb-title\">Elektriseadmete \u00fchendamine<\/h2><\/div><p class=\"uagb-ifb-desc\">\u00dchendame vajadusel elektripliidi v\u00f5i elektriboileri, et tagada nende ohutu ja t\u00f5hus toimimine teie kodus.<\/p><\/div><\/div>\n<\/div>\n\n\n\n<div class=\"wp-block-uagb-container uagb-block-1a028749\">\n<div class=\"wp-block-uagb-image alignleft uagb-block-ac037292 wp-block-uagb-image--layout-default wp-block-uagb-image--effect-static wp-block-uagb-image--align-left\"><figure class=\"wp-block-uagb-image__figure\"><img decoding=\"async\" srcset=\"https:\/\/elektrik365.ee\/wp-content\/uploads\/2026\/01\/pexels-photo-5691636.jpeg ,https:\/\/elektrik365.ee\/wp-content\/uploads\/2026\/01\/pexels-photo-5691636.jpeg 780w, https:\/\/elektrik365.ee\/wp-content\/uploads\/2026\/01\/pexels-photo-5691636.jpeg 360w\" sizes=\"auto, (max-width: 480px) 150px\" src=\"https:\/\/elektrik365.ee\/wp-content\/uploads\/2026\/01\/pexels-photo-5691636.jpeg\" alt=\"Opened power sockets with connectors on white wall with stripes during repair in room\" class=\"uag-image-7\" width=\"200\" height=\"150\" title=\"services-10\" loading=\"lazy\" role=\"img\"\/><\/figure><\/div>\n<\/div>\n<\/div><\/div>\n\n\n\n<div class=\"wp-block-uagb-container uagb-block-2e144a4a alignfull uagb-is-root-container\"><div class=\"uagb-container-inner-blocks-wrap\">\n<div class=\"wp-block-uagb-info-box uagb-block-d62177b8 uagb-infobox__content-wrap  uagb-infobox-icon-above-title uagb-infobox-image-valign-top\"><div class=\"uagb-ifb-content\"><div class=\"uagb-ifb-title-wrap\"><h2 class=\"uagb-ifb-title\">Asjatundlikud lahendused Teie elektrimuredele \u00fchelt ettev\u00f5ttelt!<\/h2><\/div><div class=\"uagb-ifb-button-wrapper wp-block-button\"><a href=\"\/contact\/\" class=\"uagb-infobox-cta-link wp-block-button__link\" target=\"_self\" rel=\"noopener noreferrer\" onclick=\"return true;\"><span class=\"uagb-inline-editing\">V\u00f5ta meiega \u00fchendust<\/span><\/a><\/div><\/div><\/div>\n<\/div><\/div>\n","protected":false},"excerpt":{"rendered":"<p>Teenused Professionaalsed elektrit\u00f6\u00f6d majades, korterites ja b\u00fcroodes<\/p>\n","protected":false},"author":1,"featured_media":0,"parent":0,"menu_order":0,"comment_status":"closed","ping_status":"closed","template":"","meta":{"_uag_custom_page_level_css":"","site-sidebar-layout":"default","site-content-layout":"","ast-site-content-layout":"default","site-content-style":"default","site-sidebar-style":"default","ast-global-header-display":"","ast-banner-title-visibility":"","ast-main-header-display":"","ast-hfb-above-header-display":"","ast-hfb-below-header-display":"","ast-hfb-mobile-header-display":"","site-post-title":"disabled","ast-breadcrumbs-content":"","ast-featured-img":"","footer-sml-layout":"","ast-disable-related-posts":"","theme-transparent-header-meta":"","adv-header-id-meta":"","stick-header-meta":"","header-above-stick-meta":"","header-main-stick-meta":"","header-below-stick-meta":"","astra-migrate-meta-layouts":"default","ast-page-background-enabled":"default","ast-page-background-meta":{"desktop":{"background-color":"var(--ast-global-color-4)","background-image":"","background-repeat":"repeat","background-position":"center center","background-size":"auto","background-attachment":"scroll","background-type":"","background-media":"","overlay-type":"","overlay-color":"","overlay-opacity":"","overlay-gradient":""},"tablet":{"background-color":"","background-image":"","background-repeat":"repeat","background-position":"center center","background-size":"auto","background-attachment":"scroll","background-type":"","background-media":"","overlay-type":"","overlay-color":"","overlay-opacity":"","overlay-gradient":""},"mobile":{"background-color":"","background-image":"","background-repeat":"repeat","background-position":"center center","background-size":"auto","background-attachment":"scroll","background-type":"","background-media":"","overlay-type":"","overlay-color":"","overlay-opacity":"","overlay-gradient":""}},"ast-content-background-meta":{"desktop":{"background-color":"var(--ast-global-color-5)","background-image":"","background-repeat":"repeat","background-position":"center center","background-size":"auto","background-attachment":"scroll","background-type":"","background-media":"","overlay-type":"","overlay-color":"","overlay-opacity":"","overlay-gradient":""},"tablet":{"background-color":"var(--ast-global-color-5)","background-image":"","background-repeat":"repeat","background-position":"center center","background-size":"auto","background-attachment":"scroll","background-type":"","background-media":"","overlay-type":"","overlay-color":"","overlay-opacity":"","overlay-gradient":""},"mobile":{"background-color":"var(--ast-global-color-5)","background-image":"","background-repeat":"repeat","background-position":"center center","background-size":"auto","background-attachment":"scroll","background-type":"","background-media":"","overlay-type":"","overlay-color":"","overlay-opacity":"","overlay-gradient":""}},"footnotes":""},"class_list":["post-294","page","type-page","status-publish","hentry"],"uagb_featured_image_src":{"full":false,"thumbnail":false,"medium":false,"medium_large":false,"large":false,"1536x1536":false,"2048x2048":false},"uagb_author_info":{"display_name":"elektrik365.ee","author_link":"https:\/\/elektrik365.ee\/?author=1"},"uagb_comment_info":0,"uagb_excerpt":"Teenused Professionaalsed elektrit\u00f6\u00f6d majades, korterites ja b\u00fcroodes","_links":{"self":[{"href":"https:\/\/elektrik365.ee\/index.php?rest_route=\/wp\/v2\/pages\/294","targetHints":{"allow":["GET"]}}],"collection":[{"href":"https:\/\/elektrik365.ee\/index.php?rest_route=\/wp\/v2\/pages"}],"about":[{"href":"https:\/\/elektrik365.ee\/index.php?rest_route=\/wp\/v2\/types\/page"}],"author":[{"embeddable":true,"href":"https:\/\/elektrik365.ee\/index.php?rest_route=\/wp\/v2\/users\/1"}],"replies":[{"embeddable":true,"href":"https:\/\/elektrik365.ee\/index.php?rest_route=%2Fwp%2Fv2%2Fcomments&post=294"}],"version-history":[{"count":5,"href":"https:\/\/elektrik365.ee\/index.php?rest_route=\/wp\/v2\/pages\/294\/revisions"}],"predecessor-version":[{"id":1111,"href":"https:\/\/elektrik365.ee\/index.php?rest_route=\/wp\/v2\/pages\/294\/revisions\/1111"}],"wp:attachment":[{"href":"https:\/\/elektrik365.ee\/index.php?rest_route=%2Fwp%2Fv2%2Fmedia&parent=294"}],"curies":[{"name":"wp","href":"https:\/\/api.w.org\/{rel}","templated":true}]}}